{"id":21,"date":"2021-04-08T14:07:18","date_gmt":"2021-04-08T12:07:18","guid":{"rendered":"http:\/\/ncwltxz.cluster029.hosting.ovh.net\/?page_id=21"},"modified":"2022-09-03T14:36:48","modified_gmt":"2022-09-03T12:36:48","slug":"21-2","status":"publish","type":"page","link":"https:\/\/latelierserpentine.com\/","title":{"rendered":""},"content":{"rendered":"\n<figure class=\"wp-block-image size-large\"><img loading=\"lazy\" decoding=\"async\" width=\"1024\" height=\"484\" src=\"http:\/\/ncwltxz.cluster029.hosting.ovh.net\/wp-content\/uploads\/2021\/04\/salamandre_front-1024x484.jpg\" alt=\"\" class=\"wp-image-259\" srcset=\"https:\/\/latelierserpentine.com\/wp-content\/uploads\/2021\/04\/salamandre_front-1024x484.jpg 1024w, https:\/\/latelierserpentine.com\/wp-content\/uploads\/2021\/04\/salamandre_front-300x142.jpg 300w, https:\/\/latelierserpentine.com\/wp-content\/uploads\/2021\/04\/salamandre_front-768x363.jpg 768w, https:\/\/latelierserpentine.com\/wp-content\/uploads\/2021\/04\/salamandre_front-1536x726.jpg 1536w, https:\/\/latelierserpentine.com\/wp-content\/uploads\/2021\/04\/salamandre_front-2048x969.jpg 2048w\" sizes=\"(max-width: 1024px) 100vw, 1024px\" \/><\/figure>\n\n\n\n<p class=\"has-normal-font-size\"><strong>Cr\u00e9\u00e9 en 2020, l&rsquo;Atelier Serpentine propose divers travaux de graphisme, illustration et expertise naturaliste.<\/strong><\/p>\n\n\n\n<p class=\"has-normal-font-size\">Entre science et art, le choix a longtemps \u00e9t\u00e9 difficile. Ayant exerc\u00e9 dans la conservation des esp\u00e8ces pendant plus d&rsquo;une d\u00e9cennie, je me tourne \u00e0 pr\u00e9sent vers le visuel et l&rsquo;artistique sans toutefois oublier mes premi\u00e8res amours. De fait, j&rsquo;ai \u00e0 c\u0153ur de proposer des supports prenant en compte &#8211; autant que possible &#8211; la dimension environnementale. Si l&rsquo;illustration naturaliste est ma sp\u00e9cialit\u00e9, je reste int\u00e9ress\u00e9e par tous types de projets.<\/p>\n\n\n\n<p class=\"has-text-align-right has-small-font-size\">Ga\u00eblle CAUBLOT<\/p>\n\n\n\n<ul class=\"wp-block-social-links is-style-logos-only is-layout-flex wp-block-social-links-is-layout-flex\"><li class=\"wp-social-link wp-social-link-instagram  wp-block-social-link\"><a rel=\"noopener nofollow\" target=\"_blank\" href=\"https:\/\/www.instagram.com\/latelierserpentine\/\" class=\"wp-block-social-link-anchor\"><svg width=\"24\" height=\"24\" viewBox=\"0 0 24 24\" version=\"1.1\" xmlns=\"http:\/\/www.w3.org\/2000\/svg\" aria-hidden=\"true\" focusable=\"false\"><path d=\"M12,4.622c2.403,0,2.688,0.009,3.637,0.052c0.877,0.04,1.354,0.187,1.671,0.31c0.42,0.163,0.72,0.358,1.035,0.673 c0.315,0.315,0.51,0.615,0.673,1.035c0.123,0.317,0.27,0.794,0.31,1.671c0.043,0.949,0.052,1.234,0.052,3.637 s-0.009,2.688-0.052,3.637c-0.04,0.877-0.187,1.354-0.31,1.671c-0.163,0.42-0.358,0.72-0.673,1.035 c-0.315,0.315-0.615,0.51-1.035,0.673c-0.317,0.123-0.794,0.27-1.671,0.31c-0.949,0.043-1.233,0.052-3.637,0.052 s-2.688-0.009-3.637-0.052c-0.877-0.04-1.354-0.187-1.671-0.31c-0.42-0.163-0.72-0.358-1.035-0.673 c-0.315-0.315-0.51-0.615-0.673-1.035c-0.123-0.317-0.27-0.794-0.31-1.671C4.631,14.688,4.622,14.403,4.622,12 s0.009-2.688,0.052-3.637c0.04-0.877,0.187-1.354,0.31-1.671c0.163-0.42,0.358-0.72,0.673-1.035 c0.315-0.315,0.615-0.51,1.035-0.673c0.317-0.123,0.794-0.27,1.671-0.31C9.312,4.631,9.597,4.622,12,4.622 M12,3 C9.556,3,9.249,3.01,8.289,3.054C7.331,3.098,6.677,3.25,6.105,3.472C5.513,3.702,5.011,4.01,4.511,4.511 c-0.5,0.5-0.808,1.002-1.038,1.594C3.25,6.677,3.098,7.331,3.054,8.289C3.01,9.249,3,9.556,3,12c0,2.444,0.01,2.751,0.054,3.711 c0.044,0.958,0.196,1.612,0.418,2.185c0.23,0.592,0.538,1.094,1.038,1.594c0.5,0.5,1.002,0.808,1.594,1.038 c0.572,0.222,1.227,0.375,2.185,0.418C9.249,20.99,9.556,21,12,21s2.751-0.01,3.711-0.054c0.958-0.044,1.612-0.196,2.185-0.418 c0.592-0.23,1.094-0.538,1.594-1.038c0.5-0.5,0.808-1.002,1.038-1.594c0.222-0.572,0.375-1.227,0.418-2.185 C20.99,14.751,21,14.444,21,12s-0.01-2.751-0.054-3.711c-0.044-0.958-0.196-1.612-0.418-2.185c-0.23-0.592-0.538-1.094-1.038-1.594 c-0.5-0.5-1.002-0.808-1.594-1.038c-0.572-0.222-1.227-0.375-2.185-0.418C14.751,3.01,14.444,3,12,3L12,3z M12,7.378 c-2.552,0-4.622,2.069-4.622,4.622S9.448,16.622,12,16.622s4.622-2.069,4.622-4.622S14.552,7.378,12,7.378z M12,15 c-1.657,0-3-1.343-3-3s1.343-3,3-3s3,1.343,3,3S13.657,15,12,15z M16.804,6.116c-0.596,0-1.08,0.484-1.08,1.08 s0.484,1.08,1.08,1.08c0.596,0,1.08-0.484,1.08-1.08S17.401,6.116,16.804,6.116z\"><\/path><\/svg><span class=\"wp-block-social-link-label screen-reader-text\">instagram de l&#039;atelier serpentine<\/span><\/a><\/li>\n\n<li class=\"wp-social-link wp-social-link-facebook  wp-block-social-link\"><a rel=\"noopener nofollow\" target=\"_blank\" href=\"https:\/\/www.facebook.com\/gaelleatelierserpentine\/\" class=\"wp-block-social-link-anchor\"><svg width=\"24\" height=\"24\" viewBox=\"0 0 24 24\" version=\"1.1\" xmlns=\"http:\/\/www.w3.org\/2000\/svg\" aria-hidden=\"true\" focusable=\"false\"><path d=\"M12 2C6.5 2 2 6.5 2 12c0 5 3.7 9.1 8.4 9.9v-7H7.9V12h2.5V9.8c0-2.5 1.5-3.9 3.8-3.9 1.1 0 2.2.2 2.2.2v2.5h-1.3c-1.2 0-1.6.8-1.6 1.6V12h2.8l-.4 2.9h-2.3v7C18.3 21.1 22 17 22 12c0-5.5-4.5-10-10-10z\"><\/path><\/svg><span class=\"wp-block-social-link-label screen-reader-text\">facebook de l&#039;atelier serpentine<\/span><\/a><\/li><\/ul>\n","protected":false},"excerpt":{"rendered":"<p>Cr\u00e9\u00e9 en 2020, l&rsquo;Atelier Serpentine propose divers travaux de graphisme, illustration et expertise naturaliste. Entre science et art, le choix a longtemps \u00e9t\u00e9 difficile. Ayant exerc\u00e9 dans la conservation des esp\u00e8ces pendant plus d&rsquo;une d\u00e9cennie, je me tourne \u00e0 pr\u00e9sent vers le visuel et l&rsquo;artistique sans toutefois oublier mes premi\u00e8res amours. De fait, j&rsquo;ai \u00e0 [&hellip;]<\/p>\n","protected":false},"author":1,"featured_media":0,"parent":0,"menu_order":0,"comment_status":"closed","ping_status":"closed","template":"fullwidth-page.php","meta":{"_monsterinsights_skip_tracking":false,"_monsterinsights_sitenote_active":false,"_monsterinsights_sitenote_note":"","_monsterinsights_sitenote_category":0,"footnotes":""},"class_list":["post-21","page","type-page","status-publish","hentry"],"yoast_head":"<!-- This site is optimized with the Yoast SEO plugin v25.6 - https:\/\/yoast.com\/wordpress\/plugins\/seo\/ -->\n<title>- l&#039;Atelier Serpentine<\/title>\n<meta name=\"description\" content=\"Graphisme, illustration naturaliste (et autre) et expertise mammif\u00e8res\/reptiles\/amphibiens, n&#039;h\u00e9sitez pas \u00e0 me contacter\" \/>\n<meta name=\"robots\" content=\"index, follow, max-snippet:-1, max-image-preview:large, max-video-preview:-1\" \/>\n<link rel=\"canonical\" href=\"https:\/\/latelierserpentine.com\/\" \/>\n<meta property=\"og:locale\" content=\"fr_FR\" \/>\n<meta property=\"og:type\" content=\"article\" \/>\n<meta property=\"og:title\" content=\"- l&#039;Atelier Serpentine\" \/>\n<meta property=\"og:description\" content=\"Graphisme, illustration naturaliste (et autre) et expertise mammif\u00e8res\/reptiles\/amphibiens, n&#039;h\u00e9sitez pas \u00e0 me contacter\" \/>\n<meta property=\"og:url\" content=\"https:\/\/latelierserpentine.com\/\" \/>\n<meta property=\"og:site_name\" content=\"l&#039;Atelier Serpentine\" \/>\n<meta property=\"article:modified_time\" content=\"2022-09-03T12:36:48+00:00\" \/>\n<meta property=\"og:image\" content=\"http:\/\/ncwltxz.cluster029.hosting.ovh.net\/wp-content\/uploads\/2021\/04\/salamandre_front-1024x484.jpg\" \/>\n<meta name=\"twitter:card\" content=\"summary_large_image\" \/>\n<meta name=\"twitter:label1\" content=\"Dur\u00e9e de lecture estim\u00e9e\" \/>\n\t<meta name=\"twitter:data1\" content=\"1 minute\" \/>\n<script type=\"application\/ld+json\" class=\"yoast-schema-graph\">{\"@context\":\"https:\/\/schema.org\",\"@graph\":[{\"@type\":\"WebPage\",\"@id\":\"https:\/\/latelierserpentine.com\/\",\"url\":\"https:\/\/latelierserpentine.com\/\",\"name\":\"- l&#039;Atelier Serpentine\",\"isPartOf\":{\"@id\":\"https:\/\/latelierserpentine.com\/#website\"},\"primaryImageOfPage\":{\"@id\":\"https:\/\/latelierserpentine.com\/#primaryimage\"},\"image\":{\"@id\":\"https:\/\/latelierserpentine.com\/#primaryimage\"},\"thumbnailUrl\":\"http:\/\/ncwltxz.cluster029.hosting.ovh.net\/wp-content\/uploads\/2021\/04\/salamandre_front-1024x484.jpg\",\"datePublished\":\"2021-04-08T12:07:18+00:00\",\"dateModified\":\"2022-09-03T12:36:48+00:00\",\"description\":\"Graphisme, illustration naturaliste (et autre) et expertise mammif\u00e8res\/reptiles\/amphibiens, n'h\u00e9sitez pas \u00e0 me contacter\",\"inLanguage\":\"fr-FR\",\"potentialAction\":[{\"@type\":\"ReadAction\",\"target\":[\"https:\/\/latelierserpentine.com\/\"]}]},{\"@type\":\"ImageObject\",\"inLanguage\":\"fr-FR\",\"@id\":\"https:\/\/latelierserpentine.com\/#primaryimage\",\"url\":\"http:\/\/ncwltxz.cluster029.hosting.ovh.net\/wp-content\/uploads\/2021\/04\/salamandre_front-1024x484.jpg\",\"contentUrl\":\"http:\/\/ncwltxz.cluster029.hosting.ovh.net\/wp-content\/uploads\/2021\/04\/salamandre_front-1024x484.jpg\"},{\"@type\":\"WebSite\",\"@id\":\"https:\/\/latelierserpentine.com\/#website\",\"url\":\"https:\/\/latelierserpentine.com\/\",\"name\":\"l&#039;Atelier Serpentine\",\"description\":\"Graphisme - Illustration - Expertise naturaliste\",\"potentialAction\":[{\"@type\":\"SearchAction\",\"target\":{\"@type\":\"EntryPoint\",\"urlTemplate\":\"https:\/\/latelierserpentine.com\/?s={search_term_string}\"},\"query-input\":{\"@type\":\"PropertyValueSpecification\",\"valueRequired\":true,\"valueName\":\"search_term_string\"}}],\"inLanguage\":\"fr-FR\"}]}<\/script>\n<!-- \/ Yoast SEO plugin. -->","yoast_head_json":{"title":"- l&#039;Atelier Serpentine","description":"Graphisme, illustration naturaliste (et autre) et expertise mammif\u00e8res\/reptiles\/amphibiens, n'h\u00e9sitez pas \u00e0 me contacter","robots":{"index":"index","follow":"follow","max-snippet":"max-snippet:-1","max-image-preview":"max-image-preview:large","max-video-preview":"max-video-preview:-1"},"canonical":"https:\/\/latelierserpentine.com\/","og_locale":"fr_FR","og_type":"article","og_title":"- l&#039;Atelier Serpentine","og_description":"Graphisme, illustration naturaliste (et autre) et expertise mammif\u00e8res\/reptiles\/amphibiens, n'h\u00e9sitez pas \u00e0 me contacter","og_url":"https:\/\/latelierserpentine.com\/","og_site_name":"l&#039;Atelier Serpentine","article_modified_time":"2022-09-03T12:36:48+00:00","og_image":[{"url":"http:\/\/ncwltxz.cluster029.hosting.ovh.net\/wp-content\/uploads\/2021\/04\/salamandre_front-1024x484.jpg","type":"","width":"","height":""}],"twitter_card":"summary_large_image","twitter_misc":{"Dur\u00e9e de lecture estim\u00e9e":"1 minute"},"schema":{"@context":"https:\/\/schema.org","@graph":[{"@type":"WebPage","@id":"https:\/\/latelierserpentine.com\/","url":"https:\/\/latelierserpentine.com\/","name":"- l&#039;Atelier Serpentine","isPartOf":{"@id":"https:\/\/latelierserpentine.com\/#website"},"primaryImageOfPage":{"@id":"https:\/\/latelierserpentine.com\/#primaryimage"},"image":{"@id":"https:\/\/latelierserpentine.com\/#primaryimage"},"thumbnailUrl":"http:\/\/ncwltxz.cluster029.hosting.ovh.net\/wp-content\/uploads\/2021\/04\/salamandre_front-1024x484.jpg","datePublished":"2021-04-08T12:07:18+00:00","dateModified":"2022-09-03T12:36:48+00:00","description":"Graphisme, illustration naturaliste (et autre) et expertise mammif\u00e8res\/reptiles\/amphibiens, n'h\u00e9sitez pas \u00e0 me contacter","inLanguage":"fr-FR","potentialAction":[{"@type":"ReadAction","target":["https:\/\/latelierserpentine.com\/"]}]},{"@type":"ImageObject","inLanguage":"fr-FR","@id":"https:\/\/latelierserpentine.com\/#primaryimage","url":"http:\/\/ncwltxz.cluster029.hosting.ovh.net\/wp-content\/uploads\/2021\/04\/salamandre_front-1024x484.jpg","contentUrl":"http:\/\/ncwltxz.cluster029.hosting.ovh.net\/wp-content\/uploads\/2021\/04\/salamandre_front-1024x484.jpg"},{"@type":"WebSite","@id":"https:\/\/latelierserpentine.com\/#website","url":"https:\/\/latelierserpentine.com\/","name":"l&#039;Atelier Serpentine","description":"Graphisme - Illustration - Expertise naturaliste","potentialAction":[{"@type":"SearchAction","target":{"@type":"EntryPoint","urlTemplate":"https:\/\/latelierserpentine.com\/?s={search_term_string}"},"query-input":{"@type":"PropertyValueSpecification","valueRequired":true,"valueName":"search_term_string"}}],"inLanguage":"fr-FR"}]}},"_links":{"self":[{"href":"https:\/\/latelierserpentine.com\/index.php\/wp-json\/wp\/v2\/pages\/21"}],"collection":[{"href":"https:\/\/latelierserpentine.com\/index.php\/wp-json\/wp\/v2\/pages"}],"about":[{"href":"https:\/\/latelierserpentine.com\/index.php\/wp-json\/wp\/v2\/types\/page"}],"author":[{"embeddable":true,"href":"https:\/\/latelierserpentine.com\/index.php\/wp-json\/wp\/v2\/users\/1"}],"replies":[{"embeddable":true,"href":"https:\/\/latelierserpentine.com\/index.php\/wp-json\/wp\/v2\/comments?post=21"}],"version-history":[{"count":7,"href":"https:\/\/latelierserpentine.com\/index.php\/wp-json\/wp\/v2\/pages\/21\/revisions"}],"predecessor-version":[{"id":488,"href":"https:\/\/latelierserpentine.com\/index.php\/wp-json\/wp\/v2\/pages\/21\/revisions\/488"}],"wp:attachment":[{"href":"https:\/\/latelierserpentine.com\/index.php\/wp-json\/wp\/v2\/media?parent=21"}],"curies":[{"name":"wp","href":"https:\/\/api.w.org\/{rel}","templated":true}]}}