{"id":203,"date":"2021-04-08T07:59:11","date_gmt":"2021-04-08T07:59:11","guid":{"rendered":"http:\/\/aswp.local\/?page_id=203"},"modified":"2022-01-28T11:03:00","modified_gmt":"2022-01-28T10:03:00","slug":"expertise-naturaliste-2","status":"publish","type":"page","link":"https:\/\/latelierserpentine.com\/index.php\/expertise-naturaliste-2\/","title":{"rendered":"Expertise naturaliste"},"content":{"rendered":"\n<p>\u00c9cologue de formation, je suis titulaire d&rsquo;un Master 2 professionnel en Gestion de la biodiversit\u00e9 (Universit\u00e9 Paul Sabatier de Toulouse &#8211; 2007).  J&rsquo;ai exerc\u00e9 la fonction de charg\u00e9e de missions naturaliste pendant plus de 12 ans dans diff\u00e9rentes associations de protection de la nature en Alsace et en Limousin.<\/p>\n\n\n\n<p>Si mes sp\u00e9cialit\u00e9s sont l&rsquo;herp\u00e9tologie (l&rsquo;\u00e9tude des reptiles et des amphibiens) et la mammalogie (principalement les esp\u00e8ces de mammif\u00e8res terrestres et subaquatiques) ainsi que le naturalisme de terrain, j&rsquo;ai pu \u00e9toffer mes comp\u00e9tences dans de nombreux axes tels que l&rsquo;animation scolaire, le montage et la gestion de projet, la formation des professionnels, le d\u00e9veloppement de la vie associative, la vulgarisation scientifique, la gestion de milieux et la conservation.<\/p>\n\n\n\n<p>J&rsquo;ai de plus anim\u00e9 plusieurs plans r\u00e9gionaux d&rsquo;actions (Loutre d&rsquo;Europe, L\u00e9zard ocell\u00e9 et Sonneur \u00e0 ventre jaune), coordonn\u00e9 l&rsquo;atlas r\u00e9gional des mammif\u00e8res, reptiles et amphibiens du Limousin jusqu&rsquo;en  2020 ainsi que le livret des rongeurs et insectivores du Limousin (2010) et le cahier<em><a rel=\"noreferrer noopener\" href=\"https:\/\/www.fcpn.org\/publications_nature\/doc_cpn\/Cahiers-techniques\/pelotes\" target=\"_blank\"> Pelotes !<\/a><\/em> co-\u00e9crit avec David Melbeck pour la FCPN. Enfin, j&rsquo;ai \u00e9galement \u00e9troitement collabor\u00e9 avec les services de l\u2019\u00c9tat en charge de la protection des esp\u00e8ces et des espaces tout au long de ma carri\u00e8re.<\/p>\n\n\n\n<p><strong>Je suis donc \u00e0 m\u00eame de r\u00e9aliser des inventaires ainsi que des formations et des documents p\u00e9dagogiques sur les th\u00e8mes pr\u00e9c\u00e9demment cit\u00e9s.<\/strong><\/p>\n\n\n\n<p>Pour en savoir d&rsquo;avantage, n&rsquo;h\u00e9sitez pas \u00e0 me contacter.<\/p>\n","protected":false},"excerpt":{"rendered":"<p>\u00c9cologue de formation, je suis titulaire d&rsquo;un Master 2 professionnel en Gestion de la biodiversit\u00e9 (Universit\u00e9 Paul Sabatier de Toulouse &#8211; 2007). J&rsquo;ai exerc\u00e9 la fonction de charg\u00e9e de missions naturaliste pendant plus de 12 ans dans diff\u00e9rentes associations de protection de la nature en Alsace et en Limousin. Si mes sp\u00e9cialit\u00e9s sont l&rsquo;herp\u00e9tologie (l&rsquo;\u00e9tude [&hellip;]<\/p>\n","protected":false},"author":1,"featured_media":0,"parent":0,"menu_order":0,"comment_status":"closed","ping_status":"closed","template":"","meta":{"_monsterinsights_skip_tracking":false,"_monsterinsights_sitenote_active":false,"_monsterinsights_sitenote_note":"","_monsterinsights_sitenote_category":0,"footnotes":""},"class_list":["post-203","page","type-page","status-publish","hentry"],"yoast_head":"<!-- This site is optimized with the Yoast SEO plugin v25.6 - https:\/\/yoast.com\/wordpress\/plugins\/seo\/ -->\n<title>Expertise naturaliste - l&#039;Atelier Serpentine<\/title>\n<meta name=\"description\" content=\"Je r\u00e9alise des expertises naturalistes dans le domaine de l&#039;herp\u00e9tologie et de la mammalogie : inventaires, formations...\" \/>\n<meta name=\"robots\" content=\"index, follow, max-snippet:-1, max-image-preview:large, max-video-preview:-1\" \/>\n<link rel=\"canonical\" href=\"https:\/\/latelierserpentine.com\/index.php\/expertise-naturaliste-2\/\" \/>\n<meta property=\"og:locale\" content=\"fr_FR\" \/>\n<meta property=\"og:type\" content=\"article\" \/>\n<meta property=\"og:title\" content=\"Expertise naturaliste - l&#039;Atelier Serpentine\" \/>\n<meta property=\"og:description\" content=\"Je r\u00e9alise des expertises naturalistes dans le domaine de l&#039;herp\u00e9tologie et de la mammalogie : inventaires, formations...\" \/>\n<meta property=\"og:url\" content=\"https:\/\/latelierserpentine.com\/index.php\/expertise-naturaliste-2\/\" \/>\n<meta property=\"og:site_name\" content=\"l&#039;Atelier Serpentine\" \/>\n<meta property=\"article:modified_time\" content=\"2022-01-28T10:03:00+00:00\" \/>\n<meta name=\"twitter:card\" content=\"summary_large_image\" \/>\n<meta name=\"twitter:label1\" content=\"Dur\u00e9e de lecture estim\u00e9e\" \/>\n\t<meta name=\"twitter:data1\" content=\"2 minutes\" \/>\n<script type=\"application\/ld+json\" class=\"yoast-schema-graph\">{\"@context\":\"https:\/\/schema.org\",\"@graph\":[{\"@type\":\"WebPage\",\"@id\":\"https:\/\/latelierserpentine.com\/index.php\/expertise-naturaliste-2\/\",\"url\":\"https:\/\/latelierserpentine.com\/index.php\/expertise-naturaliste-2\/\",\"name\":\"Expertise naturaliste - l&#039;Atelier Serpentine\",\"isPartOf\":{\"@id\":\"https:\/\/latelierserpentine.com\/#website\"},\"datePublished\":\"2021-04-08T07:59:11+00:00\",\"dateModified\":\"2022-01-28T10:03:00+00:00\",\"description\":\"Je r\u00e9alise des expertises naturalistes dans le domaine de l'herp\u00e9tologie et de la mammalogie : inventaires, formations...\",\"breadcrumb\":{\"@id\":\"https:\/\/latelierserpentine.com\/index.php\/expertise-naturaliste-2\/#breadcrumb\"},\"inLanguage\":\"fr-FR\",\"potentialAction\":[{\"@type\":\"ReadAction\",\"target\":[\"https:\/\/latelierserpentine.com\/index.php\/expertise-naturaliste-2\/\"]}]},{\"@type\":\"BreadcrumbList\",\"@id\":\"https:\/\/latelierserpentine.com\/index.php\/expertise-naturaliste-2\/#breadcrumb\",\"itemListElement\":[{\"@type\":\"ListItem\",\"position\":1,\"name\":\"Accueil\",\"item\":\"https:\/\/latelierserpentine.com\/\"},{\"@type\":\"ListItem\",\"position\":2,\"name\":\"Expertise naturaliste\"}]},{\"@type\":\"WebSite\",\"@id\":\"https:\/\/latelierserpentine.com\/#website\",\"url\":\"https:\/\/latelierserpentine.com\/\",\"name\":\"l&#039;Atelier Serpentine\",\"description\":\"Graphisme - Illustration - Expertise naturaliste\",\"potentialAction\":[{\"@type\":\"SearchAction\",\"target\":{\"@type\":\"EntryPoint\",\"urlTemplate\":\"https:\/\/latelierserpentine.com\/?s={search_term_string}\"},\"query-input\":{\"@type\":\"PropertyValueSpecification\",\"valueRequired\":true,\"valueName\":\"search_term_string\"}}],\"inLanguage\":\"fr-FR\"}]}<\/script>\n<!-- \/ Yoast SEO plugin. -->","yoast_head_json":{"title":"Expertise naturaliste - l&#039;Atelier Serpentine","description":"Je r\u00e9alise des expertises naturalistes dans le domaine de l'herp\u00e9tologie et de la mammalogie : inventaires, formations...","robots":{"index":"index","follow":"follow","max-snippet":"max-snippet:-1","max-image-preview":"max-image-preview:large","max-video-preview":"max-video-preview:-1"},"canonical":"https:\/\/latelierserpentine.com\/index.php\/expertise-naturaliste-2\/","og_locale":"fr_FR","og_type":"article","og_title":"Expertise naturaliste - l&#039;Atelier Serpentine","og_description":"Je r\u00e9alise des expertises naturalistes dans le domaine de l'herp\u00e9tologie et de la mammalogie : inventaires, formations...","og_url":"https:\/\/latelierserpentine.com\/index.php\/expertise-naturaliste-2\/","og_site_name":"l&#039;Atelier Serpentine","article_modified_time":"2022-01-28T10:03:00+00:00","twitter_card":"summary_large_image","twitter_misc":{"Dur\u00e9e de lecture estim\u00e9e":"2 minutes"},"schema":{"@context":"https:\/\/schema.org","@graph":[{"@type":"WebPage","@id":"https:\/\/latelierserpentine.com\/index.php\/expertise-naturaliste-2\/","url":"https:\/\/latelierserpentine.com\/index.php\/expertise-naturaliste-2\/","name":"Expertise naturaliste - l&#039;Atelier Serpentine","isPartOf":{"@id":"https:\/\/latelierserpentine.com\/#website"},"datePublished":"2021-04-08T07:59:11+00:00","dateModified":"2022-01-28T10:03:00+00:00","description":"Je r\u00e9alise des expertises naturalistes dans le domaine de l'herp\u00e9tologie et de la mammalogie : inventaires, formations...","breadcrumb":{"@id":"https:\/\/latelierserpentine.com\/index.php\/expertise-naturaliste-2\/#breadcrumb"},"inLanguage":"fr-FR","potentialAction":[{"@type":"ReadAction","target":["https:\/\/latelierserpentine.com\/index.php\/expertise-naturaliste-2\/"]}]},{"@type":"BreadcrumbList","@id":"https:\/\/latelierserpentine.com\/index.php\/expertise-naturaliste-2\/#breadcrumb","itemListElement":[{"@type":"ListItem","position":1,"name":"Accueil","item":"https:\/\/latelierserpentine.com\/"},{"@type":"ListItem","position":2,"name":"Expertise naturaliste"}]},{"@type":"WebSite","@id":"https:\/\/latelierserpentine.com\/#website","url":"https:\/\/latelierserpentine.com\/","name":"l&#039;Atelier Serpentine","description":"Graphisme - Illustration - Expertise naturaliste","potentialAction":[{"@type":"SearchAction","target":{"@type":"EntryPoint","urlTemplate":"https:\/\/latelierserpentine.com\/?s={search_term_string}"},"query-input":{"@type":"PropertyValueSpecification","valueRequired":true,"valueName":"search_term_string"}}],"inLanguage":"fr-FR"}]}},"_links":{"self":[{"href":"https:\/\/latelierserpentine.com\/index.php\/wp-json\/wp\/v2\/pages\/203"}],"collection":[{"href":"https:\/\/latelierserpentine.com\/index.php\/wp-json\/wp\/v2\/pages"}],"about":[{"href":"https:\/\/latelierserpentine.com\/index.php\/wp-json\/wp\/v2\/types\/page"}],"author":[{"embeddable":true,"href":"https:\/\/latelierserpentine.com\/index.php\/wp-json\/wp\/v2\/users\/1"}],"replies":[{"embeddable":true,"href":"https:\/\/latelierserpentine.com\/index.php\/wp-json\/wp\/v2\/comments?post=203"}],"version-history":[{"count":6,"href":"https:\/\/latelierserpentine.com\/index.php\/wp-json\/wp\/v2\/pages\/203\/revisions"}],"predecessor-version":[{"id":433,"href":"https:\/\/latelierserpentine.com\/index.php\/wp-json\/wp\/v2\/pages\/203\/revisions\/433"}],"wp:attachment":[{"href":"https:\/\/latelierserpentine.com\/index.php\/wp-json\/wp\/v2\/media?parent=203"}],"curies":[{"name":"wp","href":"https:\/\/api.w.org\/{rel}","templated":true}]}}